{"id":84,"date":"2018-09-11T19:05:23","date_gmt":"2018-09-11T19:05:23","guid":{"rendered":"https:\/\/www.sv-og-morsbach.de\/?page_id=84"},"modified":"2018-10-21T09:55:06","modified_gmt":"2018-10-21T09:55:06","slug":"unser-gelaende","status":"publish","type":"page","link":"https:\/\/www.sv-og-morsbach.de\/?page_id=84","title":{"rendered":"UNSER GEL\u00c4NDE"},"content":{"rendered":"<h1>UNSER GEL\u00c4NDE<\/h1>\n<div style=\"width: 50%; height: 500px; color: antiquewhite;\">\n<p>Seit dem Gr\u00fcndungsjahr 1979 der Ortsgruppe Morsbach nutzen wir das von der Gemeinde Morsbach damals zur Verf\u00fcgung gestellte sch\u00f6n gelegene Gel\u00e4nde im Buchenfeld.<\/p>\n<p>Gut umz\u00e4unt bietet unser Trainingsplatz mit diversen Verstecken und H\u00fcrden gen\u00fcgend Raum zum Trainieren und f\u00fcr Wettk\u00e4mpfe. Durch das angeschlossene Vereinsheim ist das Gel\u00e4nde ein geselliger und famili\u00e4rer Ort f\u00fcr alle Mitglieder und G\u00e4ste. Hier finden Versammlungen statt, es wird gefeiert und gemeinsam Freizeit verbracht.<\/p>\n<\/div>\n","protected":false},"excerpt":{"rendered":"<p>UNSER GEL\u00c4NDE Seit dem Gr\u00fcndungsjahr 1979 der Ortsgruppe Morsbach nutzen wir das von der Gemeinde Morsbach damals zur Verf\u00fcgung gestellte sch\u00f6n gelegene Gel\u00e4nde im Buchenfeld. Gut umz\u00e4unt bietet unser Trainingsplatz mit diversen Verstecken und H\u00fcrden gen\u00fcgend Raum zum Trainieren und f\u00fcr Wettk\u00e4mpfe. Durch das angeschlossene Vereinsheim ist das Gel\u00e4nde ein geselliger und famili\u00e4rer Ort f\u00fcr<\/p>\n<div><a class=\"btn-filled btn\" href=\"https:\/\/www.sv-og-morsbach.de\/?page_id=84\" title=\"UNSER GEL\u00c4NDE\">Weiterlesen<\/a><\/div>\n","protected":false},"author":1,"featured_media":0,"parent":16,"menu_order":0,"comment_status":"closed","ping_status":"closed","template":"page-templates\/full-width.php","meta":{"footnotes":""},"class_list":["post-84","page","type-page","status-publish","hentry"],"jetpack_sharing_enabled":true,"_links":{"self":[{"href":"https:\/\/www.sv-og-morsbach.de\/index.php?rest_route=\/wp\/v2\/pages\/84","targetHints":{"allow":["GET"]}}],"collection":[{"href":"https:\/\/www.sv-og-morsbach.de\/index.php?rest_route=\/wp\/v2\/pages"}],"about":[{"href":"https:\/\/www.sv-og-morsbach.de\/index.php?rest_route=\/wp\/v2\/types\/page"}],"author":[{"embeddable":true,"href":"https:\/\/www.sv-og-morsbach.de\/index.php?rest_route=\/wp\/v2\/users\/1"}],"replies":[{"embeddable":true,"href":"https:\/\/www.sv-og-morsbach.de\/index.php?rest_route=%2Fwp%2Fv2%2Fcomments&post=84"}],"version-history":[{"count":17,"href":"https:\/\/www.sv-og-morsbach.de\/index.php?rest_route=\/wp\/v2\/pages\/84\/revisions"}],"predecessor-version":[{"id":625,"href":"https:\/\/www.sv-og-morsbach.de\/index.php?rest_route=\/wp\/v2\/pages\/84\/revisions\/625"}],"up":[{"embeddable":true,"href":"https:\/\/www.sv-og-morsbach.de\/index.php?rest_route=\/wp\/v2\/pages\/16"}],"wp:attachment":[{"href":"https:\/\/www.sv-og-morsbach.de\/index.php?rest_route=%2Fwp%2Fv2%2Fmedia&parent=84"}],"curies":[{"name":"wp","href":"https:\/\/api.w.org\/{rel}","templated":true}]}}