{"id":94,"date":"2018-09-11T19:06:49","date_gmt":"2018-09-11T19:06:49","guid":{"rendered":"https:\/\/www.sv-og-morsbach.de\/?page_id=94"},"modified":"2025-05-22T08:37:13","modified_gmt":"2025-05-22T08:37:13","slug":"schutzdiensthelfer","status":"publish","type":"page","link":"https:\/\/www.sv-og-morsbach.de\/?page_id=94","title":{"rendered":"SCHUTZDIENSTHELFER"},"content":{"rendered":"<h1>SCHUTZDIENSTHELFER<\/h1>\n<style type=\"text\/css\">\n#foogallery-gallery-470.fg-simple_portfolio { justify-content: center; --fg-gutter: 10px; }\n#foogallery-gallery-470.fg-simple_portfolio .fg-item { flex-basis: 305px; }<\/style>\n\t\t\t<div class=\"foogallery foogallery-container foogallery-simple_portfolio foogallery-lightbox-foogallery fg-simple_portfolio fg-ready fg-dark fg-border-thin fg-loading-default fg-loaded-fade-in fg-caption-always fg-hover-fade fg-hover-zoom fg-transparent-overlays fg-caption-always\" id=\"foogallery-gallery-470\" data-foogallery=\"{&quot;item&quot;:{&quot;showCaptionTitle&quot;:false,&quot;showCaptionDescription&quot;:true},&quot;lazy&quot;:true}\" data-foogallery-lightbox=\"{&quot;thumbs&quot;:&quot;bottom&quot;,&quot;thumbsCaptions&quot;:false,&quot;thumbsBestFit&quot;:false,&quot;thumbsSmall&quot;:false,&quot;thumbsCaptionsAlign&quot;:&quot;default&quot;,&quot;info&quot;:&quot;bottom&quot;,&quot;infoVisible&quot;:true,&quot;infoOverlay&quot;:true,&quot;infoAlign&quot;:&quot;default&quot;,&quot;transition&quot;:&quot;fade&quot;,&quot;hoverButtons&quot;:false,&quot;fitMedia&quot;:false,&quot;noScrollbars&quot;:true,&quot;preserveButtonSpace&quot;:true,&quot;buttons&quot;:{&quot;fullscreen&quot;:true,&quot;info&quot;:true,&quot;thumbs&quot;:false},&quot;video&quot;:{&quot;autoPlay&quot;:true}}\" style=\"--fg-title-line-clamp: 0; --fg-description-line-clamp: 0;\" >\n\t<\/div><style type=\"text\/css\">#foogallery-gallery-475.fg-dark .fg-item-inner {\r\n    background-color: #BCB09D;\r\n    color: antiquewhite;\r\n    border-color: #BCB09D;\r\n}<\/style>\n\n\n<div class=\"wp-block-media-text alignwide is-stacked-on-mobile has-black-color has-text-color\" style=\"grid-template-columns:61% auto\"><figure class=\"wp-block-media-text__media\"><img loading=\"lazy\" decoding=\"async\" width=\"648\" height=\"432\" src=\"https:\/\/www.sv-og-morsbach.de\/wp-content\/uploads\/2023\/06\/IMG_7103.jpg\" alt=\"\" class=\"wp-image-1894 size-full\" srcset=\"https:\/\/www.sv-og-morsbach.de\/wp-content\/uploads\/2023\/06\/IMG_7103.jpg 648w, https:\/\/www.sv-og-morsbach.de\/wp-content\/uploads\/2023\/06\/IMG_7103-300x200.jpg 300w\" sizes=\"auto, (max-width: 648px) 100vw, 648px\" \/><\/figure><div class=\"wp-block-media-text__content\">\n<p class=\"has-large-font-size\">Lehrhelfer LG 05<\/p>\n\n\n\n<p class=\"has-medium-font-size\">OG Morsbach<\/p>\n\n\n\n<p class=\"has-black-color has-text-color has-medium-font-size\">Sascha Kempf <\/p>\n\n\n\n<p class=\"has-black-color has-text-color has-medium-font-size\">Volker Schmallenbach<\/p>\n\n\n\n<p class=\"has-black-color has-text-color has-medium-font-size\">Lucas Stangier<\/p>\n<\/div><\/div>\n\n\n\n<figure class=\"wp-block-gallery has-nested-images columns-default is-cropped wp-block-gallery-1 is-layout-flex wp-block-gallery-is-layout-flex\"><\/figure>\n\n\n\n<figure class=\"wp-block-gallery has-nested-images columns-default is-cropped wp-block-gallery-2 is-layout-flex wp-block-gallery-is-layout-flex\">\n<figure class=\"wp-block-image size-full\"><img loading=\"lazy\" decoding=\"async\" width=\"670\" height=\"647\" data-id=\"1277\" src=\"https:\/\/www.sv-og-morsbach.de\/wp-content\/uploads\/2021\/09\/IMG-20210828-WA0004.jpg\" alt=\"\" class=\"wp-image-1277\" srcset=\"https:\/\/www.sv-og-morsbach.de\/wp-content\/uploads\/2021\/09\/IMG-20210828-WA0004.jpg 670w, https:\/\/www.sv-og-morsbach.de\/wp-content\/uploads\/2021\/09\/IMG-20210828-WA0004-300x290.jpg 300w\" sizes=\"auto, (max-width: 670px) 100vw, 670px\" \/><\/figure>\n<figcaption class=\"blocks-gallery-caption wp-element-caption\">Einsatz K\u00f6rung OG Fischenich 2011<br>Einsatz LG FCI Quali OG Bergheim 2013<br>Einsatz K\u00f6rung OG Fenke Lindlar 2013<br>Einsatz Ersatzhelfer LG FCI Morsbach W\u00fcrselen 2014<br>Einsatz K\u00f6rung OG Kleve-Kleve 2014<br>Einsatz LG FCI Quali OG Delhoven 2015<br>Einsatz LG Jugend\/Junioren Meisterschaft 2015 OG Wevelinghofen<br>Einsatz Deutsche Jugend- und Juniorenmeisterschaft (Djjm) 2015 Kevelaer LG05<br>Einsatz K\u00f6rung OG Richrath 2015<br>Einsatz K\u00f6rung OG Essen 99 2016<br>Einsatz K\u00f6rung OG Mettmann 2016<br>Einsatz K\u00f6rung OG Erkelenz 2017<br>Einsatz LG Jugendmeisterschaft OG Uerdingen 2018<br>Einsatz K\u00f6rung OG Fischenich 2018 <br> Einsatz LGA OG Erkelenz 2019<br> Einsatz K\u00f6rung OG Wiehl 2019 <br>Einsatz K\u00f6rung OG Elsdorf\/ Heppendorf 2020<br> Einsatz LGA OG Duisburg Wedau 2021<br> Einsatz K\u00f6rung OG Wiehl 2021<br>Einsatz K\u00f6rung OG Fischenich 2022<br>Ersatzhelfer LGA OG Grevenbroich 2024<br>Einsatz Bszs N\u00fcrnberg 2024<br><\/figcaption><\/figure>\n\n\n\n<p><\/p>\n\n\n\n<div class=\"wp-block-columns is-layout-flex wp-container-core-columns-is-layout-9d6595d7 wp-block-columns-is-layout-flex\">\n<div class=\"wp-block-column is-layout-flow wp-block-column-is-layout-flow\" style=\"flex-basis:100%\">\n<figure class=\"wp-block-gallery has-nested-images columns-default is-cropped wp-block-gallery-3 is-layout-flex wp-block-gallery-is-layout-flex\">\n<figure class=\"wp-block-image size-large\"><img loading=\"lazy\" decoding=\"async\" width=\"1024\" height=\"663\" data-id=\"370\" src=\"https:\/\/www.sv-og-morsbach.de\/wp-content\/uploads\/2018\/09\/img-20160920-wa0006-1024x663.jpg\" alt=\"\" class=\"wp-image-370\" srcset=\"https:\/\/www.sv-og-morsbach.de\/wp-content\/uploads\/2018\/09\/img-20160920-wa0006-1024x663.jpg 1024w, https:\/\/www.sv-og-morsbach.de\/wp-content\/uploads\/2018\/09\/img-20160920-wa0006-300x194.jpg 300w, https:\/\/www.sv-og-morsbach.de\/wp-content\/uploads\/2018\/09\/img-20160920-wa0006-768x497.jpg 768w, https:\/\/www.sv-og-morsbach.de\/wp-content\/uploads\/2018\/09\/img-20160920-wa0006.jpg 1112w\" sizes=\"auto, (max-width: 1024px) 100vw, 1024px\" \/><\/figure>\n<figcaption class=\"blocks-gallery-caption wp-element-caption\">Einsatz K\u00f6rung OG Essen 2011<br>Einsatz LGA Duisburg Wanheim 2012<br> Einsatz K\u00f6rung OG Hilden 2014<br> Einsatz LGA Oberhausen 2014<br>Einsatz Ersatzhelfer LG FCI Aachen Soers 2016<br>Einsatz LG-Jugendmeisterschaft OG Duisburg Wanheim 2016<br> Einsatz K\u00f6rung OG Bickendorf 2016<br> Einsatz LGA Hiesfeld 2016<br>Einsatz Bsp Oberhausen 2016<br>Einsatz LG Jugendmeisterschaft OG Schildgen 2017<br> Einsatz K\u00f6rung OG K\u00f6ln Worringen 2017<br> Einsatz BSP Oberhausen (Ersatz) 2017<br> Einsatz LG FCI OG Bergheim 2018<br>Einsatz K\u00f6rung OG K\u00f6ln Worringen 2018<br> Einsatz OG Elsdorf\/Heppendorf 2019<br>Einsatz LG-Jugendmeisterschaft OG Gro\u00df\/H\u00fcrth 2019<br> Einsatz K\u00f6rung OG Frechen \/Buschbell 2021<br> Einsatz K\u00f6rung OG Frechen \/Buschbell 2022<br>Einsatz LG-Jugendmeisterschaft OG Sterkrade 2023<br> Einsatz K\u00f6rung OG Bickendorf 2023<br>Einsatz Bszs N\u00fcrnberg 2023<br>Einsatz. 16-17.03.24 LG FCi OG Grevenbroich<br>Einsatz LG Jugendmeisterschaft OG Delhoven 2024<br>Ersatzhelfer WUSV WM Meppen 2024<br>Einsatz LG FCI OG D\u00fcren 2025<br><br><\/figcaption><\/figure>\n<\/div>\n<\/div>\n\n\n\n<div class=\"wp-block-media-text alignwide is-stacked-on-mobile\"><figure class=\"wp-block-media-text__media\"><img loading=\"lazy\" decoding=\"async\" width=\"473\" height=\"1024\" src=\"https:\/\/www.sv-og-morsbach.de\/wp-content\/uploads\/2025\/05\/IMG-20250522-WA0009-473x1024.jpg\" alt=\"\" class=\"wp-image-2264 size-full\" srcset=\"https:\/\/www.sv-og-morsbach.de\/wp-content\/uploads\/2025\/05\/IMG-20250522-WA0009-473x1024.jpg 473w, https:\/\/www.sv-og-morsbach.de\/wp-content\/uploads\/2025\/05\/IMG-20250522-WA0009-138x300.jpg 138w, https:\/\/www.sv-og-morsbach.de\/wp-content\/uploads\/2025\/05\/IMG-20250522-WA0009-768x1664.jpg 768w, https:\/\/www.sv-og-morsbach.de\/wp-content\/uploads\/2025\/05\/IMG-20250522-WA0009-709x1536.jpg 709w, https:\/\/www.sv-og-morsbach.de\/wp-content\/uploads\/2025\/05\/IMG-20250522-WA0009-54x116.jpg 54w, https:\/\/www.sv-og-morsbach.de\/wp-content\/uploads\/2025\/05\/IMG-20250522-WA0009.jpg 945w\" sizes=\"auto, (max-width: 473px) 100vw, 473px\" \/><\/figure><div class=\"wp-block-media-text__content\">\n<p class=\"has-black-color has-text-color has-link-color wp-elements-b2f6f1bd303c506b9df9c0a0328460b8\">Einsatz. 16-17.03.24 LG FCi Ersatz OG Grevenbroich<\/p>\n\n\n\n<p class=\"has-black-color has-text-color has-link-color wp-elements-fc220179ac09255fa9bd8aca075dff3f\">Einsatz. 03.08.24 K\u00f6rung OG Frechen\/Buschbell K\u00f6rmeister J.Maib\u00fcchen <\/p>\n\n\n\n<p class=\"has-black-color has-text-color has-link-color wp-elements-1664e62aa79e2472802eafb631b1d4be\">Einsatz Einsatz.LG FCI OG D\u00fcren 2025 <\/p>\n\n\n\n<p class=\"has-black-color has-text-color has-link-color wp-elements-45c99b3e75595a003d83fafff7df8d4c\">Ersatzhelfer. WUSV Universal Quali OG Frechen Buschbell 2025<\/p>\n\n\n\n<p><\/p>\n\n\n\n<p><\/p>\n<\/div><\/div>\n\n\n\n<figure class=\"wp-block-gallery has-nested-images columns-default is-cropped wp-block-gallery-4 is-layout-flex wp-block-gallery-is-layout-flex\"><\/figure>\n","protected":false},"excerpt":{"rendered":"<p>SCHUTZDIENSTHELFER Lehrhelfer LG 05 OG Morsbach Sascha Kempf Volker Schmallenbach Lucas Stangier Einsatz. 16-17.03.24 LG FCi Ersatz OG Grevenbroich Einsatz. 03.08.24 K\u00f6rung OG Frechen\/Buschbell K\u00f6rmeister J.Maib\u00fcchen Einsatz Einsatz.LG FCI OG D\u00fcren 2025 Ersatzhelfer. WUSV Universal Quali OG Frechen Buschbell 2025<\/p>\n","protected":false},"author":1,"featured_media":0,"parent":92,"menu_order":0,"comment_status":"closed","ping_status":"closed","template":"page-templates\/full-width.php","meta":{"footnotes":""},"class_list":["post-94","page","type-page","status-publish","hentry"],"jetpack_sharing_enabled":true,"_links":{"self":[{"href":"https:\/\/www.sv-og-morsbach.de\/index.php?rest_route=\/wp\/v2\/pages\/94","targetHints":{"allow":["GET"]}}],"collection":[{"href":"https:\/\/www.sv-og-morsbach.de\/index.php?rest_route=\/wp\/v2\/pages"}],"about":[{"href":"https:\/\/www.sv-og-morsbach.de\/index.php?rest_route=\/wp\/v2\/types\/page"}],"author":[{"embeddable":true,"href":"https:\/\/www.sv-og-morsbach.de\/index.php?rest_route=\/wp\/v2\/users\/1"}],"replies":[{"embeddable":true,"href":"https:\/\/www.sv-og-morsbach.de\/index.php?rest_route=%2Fwp%2Fv2%2Fcomments&post=94"}],"version-history":[{"count":26,"href":"https:\/\/www.sv-og-morsbach.de\/index.php?rest_route=\/wp\/v2\/pages\/94\/revisions"}],"predecessor-version":[{"id":2267,"href":"https:\/\/www.sv-og-morsbach.de\/index.php?rest_route=\/wp\/v2\/pages\/94\/revisions\/2267"}],"up":[{"embeddable":true,"href":"https:\/\/www.sv-og-morsbach.de\/index.php?rest_route=\/wp\/v2\/pages\/92"}],"wp:attachment":[{"href":"https:\/\/www.sv-og-morsbach.de\/index.php?rest_route=%2Fwp%2Fv2%2Fmedia&parent=94"}],"curies":[{"name":"wp","href":"https:\/\/api.w.org\/{rel}","templated":true}]}}